{"id":1766,"date":"2021-06-11T01:17:28","date_gmt":"2021-06-11T01:17:28","guid":{"rendered":"https:\/\/whofi.com\/acerca-de-nosotros\/"},"modified":"2026-01-19T17:55:24","modified_gmt":"2026-01-19T17:55:24","slug":"acerca-de-nosotros","status":"publish","type":"page","link":"https:\/\/whofi.com\/es\/acerca-de-nosotros\/","title":{"rendered":"Acerca de nosotros"},"content":{"rendered":"<div class=\"wpb-content-wrapper\"><p>[vc_row][vc_column][vc_custom_heading heading_semantic=\u00bbh1&#8243; uncode_shortcode_id=\u00bb923143&#8243;]Acerca de nosotros[\/vc_custom_heading][vc_separator sep_color=\u00bb,Default\u00bb][\/vc_column][\/vc_row][vc_row][vc_column width=\u00bb2\/3&#8243;][vc_column_text uncode_shortcode_id=\u00bb677100&#8243;]En WhoFi creemos que los espacios comunitarios, como bibliotecas, parques, museos y dem\u00e1s, son clave para ayudarnos a todos a vivir vidas m\u00e1s saludables, felices y productivas. Por lo tanto, creamos herramientas para ayudar a los que ayudan. <\/p>\n<p>WhoFi tiene su sede en Oklahoma City (Edmond) y se cre\u00f3 a partir de la comunidad de startups de Oklahoma City.<\/p>\n<p>Abrimos oficialmente nuestras puertas en 2012 y desde entonces hemos estado tratando de mejorar las cosas constantemente.<\/p>\n<p>WhoFi sigue siendo miembro activo del ecosistema de startups de Oklahoma City, asistiendo a reuniones y eventos de startups siempre que el tiempo lo permite.<\/p>\n<p>Si deseas ponerte en contacto con un miembro del equipo, visita nuestra p\u00e1gina de <a href=\"https:\/\/whofi.com\/contact-us\/\">Contacto<\/a>.[\/vc_column_text][vc_custom_heading heading_semantic=\u00bbh3&#8243; text_size=\u00bbh3&#8243; uncode_shortcode_id=\u00bb197021&#8243;]<\/p>\n<h2 style=\"text-align: center;\">\u00bfTe gusta lo que ves?<\/h2>\n<h4 style=\"text-align: center;\">Programa una demostraci\u00f3n para hablar sobre c\u00f3mo WhoFi puede ayudar a tu espacio comunitario.<\/h4>\n<p style=\"text-align: center;\"><a class=\"custom-link btn border-width-0 btn-accent btn-icon-left\" href=\"https:\/\/whofi.com\/demo\/\">Reservar una demostraci\u00f3n<\/a><\/p>\n<p>[\/vc_custom_heading][\/vc_column][vc_column column_width_percent=\u00bb100&#8243; align_horizontal=\u00bbalign_center\u00bb gutter_size=\u00bb3&#8243; overlay_alpha=\u00bb50&#8243; shift_x=\u00bb0&#8243; shift_y=\u00bb0&#8243; shift_y_down=\u00bb0&#8243; z_index=\u00bb0&#8243; medium_width=\u00bb0&#8243; mobile_width=\u00bb0&#8243; width=\u00bb1\/3&#8243; uncode_shortcode_id=\u00bb104774&#8243;][vc_column_text uncode_shortcode_id=\u00bb487190&#8243;]<\/p>\n<h4 style=\"text-align: center;\">V\u00eddeos disponibles<\/h4>\n<p style=\"text-align: center;\">Consulta nuestro canal de YouTube en <span style=\"color: #000000;\"><a style=\"color: #000000;\" href=\"http:\/\/youtube.com\/@whofi\">youtube.com\/@whofi<\/a> <\/span>para obtener las \u00faltimas actualizaciones de productos, as\u00ed como tutoriales sobre algunos de los servicios de WhoFi m\u00e1s utilizados.<\/p>\n<p>[\/vc_column_text][uncode_socials size=\u00bblead\u00bb][vc_single_image media=\u00bb717&#8243; media_width_percent=\u00bb100&#8243;][\/vc_column][\/vc_row][vc_row][vc_column width=\u00bb1\/1&#8243;][\/vc_column][\/vc_row][vc_row][vc_column][vc_column_text][\/vc_column_text][\/vc_column][\/vc_row]<\/p>\n<\/div>","protected":false},"excerpt":{"rendered":"<p>[vc_row][vc_column][vc_custom_heading heading_semantic=\u00bbh1&#8243; uncode_shortcode_id=\u00bb923143&#8243;]Acerca de nosotros[\/vc_custom_heading][vc_separator sep_color=\u00bb,Default\u00bb][\/vc_column][\/vc_row][vc_row][vc_column width=\u00bb2\/3&#8243;][vc_column_text uncode_shortcode_id=\u00bb677100&#8243;]En WhoFi creemos que los espacios comunitarios, como bibliotecas, parques, museos y dem\u00e1s, [&hellip;]<\/p>\n","protected":false},"author":5,"featured_media":0,"parent":0,"menu_order":0,"comment_status":"closed","ping_status":"closed","template":"","meta":{"content-type":"","footnotes":""},"class_list":["post-1766","page","type-page","status-publish","hentry"],"yoast_head":"<!-- This site is optimized with the Yoast SEO plugin v27.3 - https:\/\/yoast.com\/product\/yoast-seo-wordpress\/ -->\n<title>Acerca de nosotros - WhoFi<\/title>\n<meta name=\"description\" content=\"WhoFi se centra en mejorar los espacios comunitarios como bibliotecas, parques y museos, proporcion\u00e1ndoles tecnolog\u00eda de punta.\" \/>\n<meta name=\"robots\" content=\"index, follow, max-snippet:-1, max-image-preview:large, max-video-preview:-1\" \/>\n<link rel=\"canonical\" href=\"https:\/\/whofi.com\/es\/acerca-de-nosotros\/\" \/>\n<meta property=\"og:locale\" content=\"es_ES\" \/>\n<meta property=\"og:type\" content=\"article\" \/>\n<meta property=\"og:title\" content=\"Acerca de nosotros - WhoFi\" \/>\n<meta property=\"og:description\" content=\"WhoFi se centra en mejorar los espacios comunitarios como bibliotecas, parques y museos, proporcion\u00e1ndoles tecnolog\u00eda de punta.\" \/>\n<meta property=\"og:url\" content=\"https:\/\/whofi.com\/es\/acerca-de-nosotros\/\" \/>\n<meta property=\"og:site_name\" content=\"WhoFi\" \/>\n<meta property=\"article:modified_time\" content=\"2026-01-19T17:55:24+00:00\" \/>\n<meta name=\"twitter:card\" content=\"summary_large_image\" \/>\n<meta name=\"twitter:label1\" content=\"Tiempo de lectura\" \/>\n\t<meta name=\"twitter:data1\" content=\"2 minutos\" \/>\n<script type=\"application\/ld+json\" class=\"yoast-schema-graph\">{\"@context\":\"https:\\\/\\\/schema.org\",\"@graph\":[{\"@type\":\"WebPage\",\"@id\":\"https:\\\/\\\/whofi.com\\\/es\\\/acerca-de-nosotros\\\/\",\"url\":\"https:\\\/\\\/whofi.com\\\/es\\\/acerca-de-nosotros\\\/\",\"name\":\"Acerca de nosotros - WhoFi\",\"isPartOf\":{\"@id\":\"https:\\\/\\\/whofi.com\\\/es\\\/#website\"},\"datePublished\":\"2021-06-11T01:17:28+00:00\",\"dateModified\":\"2026-01-19T17:55:24+00:00\",\"description\":\"WhoFi se centra en mejorar los espacios comunitarios como bibliotecas, parques y museos, proporcion\u00e1ndoles tecnolog\u00eda de punta.\",\"breadcrumb\":{\"@id\":\"https:\\\/\\\/whofi.com\\\/es\\\/acerca-de-nosotros\\\/#breadcrumb\"},\"inLanguage\":\"es\",\"potentialAction\":[{\"@type\":\"ReadAction\",\"target\":[\"https:\\\/\\\/whofi.com\\\/es\\\/acerca-de-nosotros\\\/\"]}]},{\"@type\":\"BreadcrumbList\",\"@id\":\"https:\\\/\\\/whofi.com\\\/es\\\/acerca-de-nosotros\\\/#breadcrumb\",\"itemListElement\":[{\"@type\":\"ListItem\",\"position\":1,\"name\":\"Home\",\"item\":\"https:\\\/\\\/whofi.com\\\/es\\\/\"},{\"@type\":\"ListItem\",\"position\":2,\"name\":\"Acerca de nosotros\"}]},{\"@type\":\"WebSite\",\"@id\":\"https:\\\/\\\/whofi.com\\\/es\\\/#website\",\"url\":\"https:\\\/\\\/whofi.com\\\/es\\\/\",\"name\":\"WhoFi\",\"description\":\"Library and Community Intelligence Platform\",\"potentialAction\":[{\"@type\":\"SearchAction\",\"target\":{\"@type\":\"EntryPoint\",\"urlTemplate\":\"https:\\\/\\\/whofi.com\\\/es\\\/?s={search_term_string}\"},\"query-input\":{\"@type\":\"PropertyValueSpecification\",\"valueRequired\":true,\"valueName\":\"search_term_string\"}}],\"inLanguage\":\"es\"}]}<\/script>\n<!-- \/ Yoast SEO plugin. -->","yoast_head_json":{"title":"Acerca de nosotros - WhoFi","description":"WhoFi se centra en mejorar los espacios comunitarios como bibliotecas, parques y museos, proporcion\u00e1ndoles tecnolog\u00eda de punta.","robots":{"index":"index","follow":"follow","max-snippet":"max-snippet:-1","max-image-preview":"max-image-preview:large","max-video-preview":"max-video-preview:-1"},"canonical":"https:\/\/whofi.com\/es\/acerca-de-nosotros\/","og_locale":"es_ES","og_type":"article","og_title":"Acerca de nosotros - WhoFi","og_description":"WhoFi se centra en mejorar los espacios comunitarios como bibliotecas, parques y museos, proporcion\u00e1ndoles tecnolog\u00eda de punta.","og_url":"https:\/\/whofi.com\/es\/acerca-de-nosotros\/","og_site_name":"WhoFi","article_modified_time":"2026-01-19T17:55:24+00:00","twitter_card":"summary_large_image","twitter_misc":{"Tiempo de lectura":"2 minutos"},"schema":{"@context":"https:\/\/schema.org","@graph":[{"@type":"WebPage","@id":"https:\/\/whofi.com\/es\/acerca-de-nosotros\/","url":"https:\/\/whofi.com\/es\/acerca-de-nosotros\/","name":"Acerca de nosotros - WhoFi","isPartOf":{"@id":"https:\/\/whofi.com\/es\/#website"},"datePublished":"2021-06-11T01:17:28+00:00","dateModified":"2026-01-19T17:55:24+00:00","description":"WhoFi se centra en mejorar los espacios comunitarios como bibliotecas, parques y museos, proporcion\u00e1ndoles tecnolog\u00eda de punta.","breadcrumb":{"@id":"https:\/\/whofi.com\/es\/acerca-de-nosotros\/#breadcrumb"},"inLanguage":"es","potentialAction":[{"@type":"ReadAction","target":["https:\/\/whofi.com\/es\/acerca-de-nosotros\/"]}]},{"@type":"BreadcrumbList","@id":"https:\/\/whofi.com\/es\/acerca-de-nosotros\/#breadcrumb","itemListElement":[{"@type":"ListItem","position":1,"name":"Home","item":"https:\/\/whofi.com\/es\/"},{"@type":"ListItem","position":2,"name":"Acerca de nosotros"}]},{"@type":"WebSite","@id":"https:\/\/whofi.com\/es\/#website","url":"https:\/\/whofi.com\/es\/","name":"WhoFi","description":"Library and Community Intelligence Platform","potentialAction":[{"@type":"SearchAction","target":{"@type":"EntryPoint","urlTemplate":"https:\/\/whofi.com\/es\/?s={search_term_string}"},"query-input":{"@type":"PropertyValueSpecification","valueRequired":true,"valueName":"search_term_string"}}],"inLanguage":"es"}]}},"_links":{"self":[{"href":"https:\/\/whofi.com\/es\/wp-json\/wp\/v2\/pages\/1766","targetHints":{"allow":["GET"]}}],"collection":[{"href":"https:\/\/whofi.com\/es\/wp-json\/wp\/v2\/pages"}],"about":[{"href":"https:\/\/whofi.com\/es\/wp-json\/wp\/v2\/types\/page"}],"author":[{"embeddable":true,"href":"https:\/\/whofi.com\/es\/wp-json\/wp\/v2\/users\/5"}],"replies":[{"embeddable":true,"href":"https:\/\/whofi.com\/es\/wp-json\/wp\/v2\/comments?post=1766"}],"version-history":[{"count":0,"href":"https:\/\/whofi.com\/es\/wp-json\/wp\/v2\/pages\/1766\/revisions"}],"wp:attachment":[{"href":"https:\/\/whofi.com\/es\/wp-json\/wp\/v2\/media?parent=1766"}],"curies":[{"name":"wp","href":"https:\/\/api.w.org\/{rel}","templated":true}]}}